{"id":69,"date":"2025-08-16T05:42:39","date_gmt":"2025-08-16T05:42:39","guid":{"rendered":"https:\/\/rohmasv.com\/?page_id=69"},"modified":"2025-08-16T05:42:39","modified_gmt":"2025-08-16T05:42:39","slug":"blog","status":"publish","type":"page","link":"https:\/\/rohmasv.com\/?page_id=69","title":{"rendered":"Blog"},"content":{"rendered":"<ul class=\"wp-block-latest-posts__list has-dates wp-block-latest-posts\"><li><a class=\"wp-block-latest-posts__post-title\" href=\"https:\/\/rohmasv.com\/?p=150\">C\u00f3mo encontrar repuestos para veh\u00edculos en El Salvador: Gu\u00eda pr\u00e1ctica 2025<\/a><time datetime=\"2025-08-21T04:02:55+00:00\" class=\"wp-block-latest-posts__post-date\">August 21, 2025<\/time><\/li>\n<\/ul>\n\n\n<p><\/p>\n","protected":false},"excerpt":{"rendered":"","protected":false},"author":1,"featured_media":0,"parent":0,"menu_order":0,"comment_status":"closed","ping_status":"closed","template":"","meta":{"footnotes":""},"class_list":["post-69","page","type-page","status-publish","hentry"],"_links":{"self":[{"href":"https:\/\/rohmasv.com\/index.php?rest_route=\/wp\/v2\/pages\/69","targetHints":{"allow":["GET"]}}],"collection":[{"href":"https:\/\/rohmasv.com\/index.php?rest_route=\/wp\/v2\/pages"}],"about":[{"href":"https:\/\/rohmasv.com\/index.php?rest_route=\/wp\/v2\/types\/page"}],"author":[{"embeddable":true,"href":"https:\/\/rohmasv.com\/index.php?rest_route=\/wp\/v2\/users\/1"}],"replies":[{"embeddable":true,"href":"https:\/\/rohmasv.com\/index.php?rest_route=%2Fwp%2Fv2%2Fcomments&post=69"}],"version-history":[{"count":1,"href":"https:\/\/rohmasv.com\/index.php?rest_route=\/wp\/v2\/pages\/69\/revisions"}],"predecessor-version":[{"id":70,"href":"https:\/\/rohmasv.com\/index.php?rest_route=\/wp\/v2\/pages\/69\/revisions\/70"}],"wp:attachment":[{"href":"https:\/\/rohmasv.com\/index.php?rest_route=%2Fwp%2Fv2%2Fmedia&parent=69"}],"curies":[{"name":"wp","href":"https:\/\/api.w.org\/{rel}","templated":true}]}}