{"id":105,"date":"2025-08-20T02:35:01","date_gmt":"2025-08-20T02:35:01","guid":{"rendered":"https:\/\/rohmasv.com\/?page_id=105"},"modified":"2025-08-20T02:35:01","modified_gmt":"2025-08-20T02:35:01","slug":"vision","status":"publish","type":"page","link":"https:\/\/rohmasv.com\/?page_id=105","title":{"rendered":"Visi\u00f3n"},"content":{"rendered":"\n<p>Posicionarnos como una marca l\u00edder en el mercado local y centroamericano en la importaci\u00f3n y comercializaci\u00f3n de autopartes a trav\u00e9s de la innovaci\u00f3n y adaptabilidad.\u00a0<\/p>\n","protected":false},"excerpt":{"rendered":"<p>Posicionarnos como una marca l\u00edder en el mercado local y centroamericano en la importaci\u00f3n y comercializaci\u00f3n de autopartes a trav\u00e9s de la innovaci\u00f3n y adaptabilidad.\u00a0<\/p>\n","protected":false},"author":1,"featured_media":0,"parent":0,"menu_order":0,"comment_status":"closed","ping_status":"closed","template":"","meta":{"footnotes":""},"class_list":["post-105","page","type-page","status-publish","hentry"],"_links":{"self":[{"href":"https:\/\/rohmasv.com\/index.php?rest_route=\/wp\/v2\/pages\/105","targetHints":{"allow":["GET"]}}],"collection":[{"href":"https:\/\/rohmasv.com\/index.php?rest_route=\/wp\/v2\/pages"}],"about":[{"href":"https:\/\/rohmasv.com\/index.php?rest_route=\/wp\/v2\/types\/page"}],"author":[{"embeddable":true,"href":"https:\/\/rohmasv.com\/index.php?rest_route=\/wp\/v2\/users\/1"}],"replies":[{"embeddable":true,"href":"https:\/\/rohmasv.com\/index.php?rest_route=%2Fwp%2Fv2%2Fcomments&post=105"}],"version-history":[{"count":1,"href":"https:\/\/rohmasv.com\/index.php?rest_route=\/wp\/v2\/pages\/105\/revisions"}],"predecessor-version":[{"id":106,"href":"https:\/\/rohmasv.com\/index.php?rest_route=\/wp\/v2\/pages\/105\/revisions\/106"}],"wp:attachment":[{"href":"https:\/\/rohmasv.com\/index.php?rest_route=%2Fwp%2Fv2%2Fmedia&parent=105"}],"curies":[{"name":"wp","href":"https:\/\/api.w.org\/{rel}","templated":true}]}}